{"id":13134,"date":"2020-09-15T18:10:58","date_gmt":"2020-09-15T16:10:58","guid":{"rendered":"https:\/\/slbtest.saarlb.com\/adresses\/"},"modified":"2025-06-23T09:32:50","modified_gmt":"2025-06-23T07:32:50","slug":"adresses","status":"publish","type":"page","link":"https:\/\/slbtest.saarlb.com\/en\/footer\/adresses\/","title":{"rendered":"Adresses"},"content":{"rendered":"\t\t<div data-elementor-type=\"wp-page\" data-elementor-id=\"13134\" class=\"elementor elementor-13134 elementor-2055\" data-elementor-post-type=\"page\">\n\t\t\t\t\t\t<section class=\"elementor-section elementor-top-section elementor-element elementor-element-d39195e elementor-reverse-tablet elementor-reverse-mobile elementor-section-boxed elementor-section-height-default elementor-section-height-default\" data-id=\"d39195e\" data-element_type=\"section\" data-e-type=\"section\" data-settings=\"{&quot;background_background&quot;:&quot;classic&quot;}\">\n\t\t\t\t\t\t<div class=\"elementor-container elementor-column-gap-default\">\n\t\t\t\t\t<div class=\"elementor-column elementor-col-50 elementor-top-column elementor-element elementor-element-0695ba8\" data-id=\"0695ba8\" data-element_type=\"column\" data-e-type=\"column\" data-settings=\"{&quot;background_background&quot;:&quot;classic&quot;}\">\n\t\t\t<div class=\"elementor-widget-wrap\">\n\t\t\t\t\t\t\t<\/div>\n\t\t<\/div>\n\t\t\t\t<div class=\"elementor-column elementor-col-50 elementor-top-column elementor-element elementor-element-038941a\" data-id=\"038941a\" data-element_type=\"column\" data-e-type=\"column\" data-settings=\"{&quot;background_background&quot;:&quot;classic&quot;}\">\n\t\t\t<div class=\"elementor-widget-wrap elementor-element-populated\">\n\t\t\t\t\t\t<div class=\"elementor-element elementor-element-16f54c2 elementor-widget__width-initial elementor-widget elementor-widget-spacer\" data-id=\"16f54c2\" data-element_type=\"widget\" data-e-type=\"widget\" data-widget_type=\"spacer.default\">\n\t\t\t\t<div class=\"elementor-widget-container\">\n\t\t\t\t\t\t\t<div class=\"elementor-spacer\">\n\t\t\t<div class=\"elementor-spacer-inner\"><\/div>\n\t\t<\/div>\n\t\t\t\t\t\t<\/div>\n\t\t\t\t<\/div>\n\t\t\t\t\t<\/div>\n\t\t<\/div>\n\t\t\t\t\t<\/div>\n\t\t<\/section>\n\t\t\t\t<section class=\"elementor-section elementor-top-section elementor-element elementor-element-c92703c elementor-section-height-min-height elementor-section-boxed elementor-section-height-default elementor-section-items-middle\" data-id=\"c92703c\" data-element_type=\"section\" data-e-type=\"section\">\n\t\t\t\t\t\t<div class=\"elementor-container elementor-column-gap-default\">\n\t\t\t\t\t<div class=\"elementor-column elementor-col-100 elementor-top-column elementor-element elementor-element-64ac0917\" data-id=\"64ac0917\" data-element_type=\"column\" data-e-type=\"column\">\n\t\t\t<div class=\"elementor-widget-wrap elementor-element-populated\">\n\t\t\t\t\t\t<div class=\"elementor-element elementor-element-1691e439 elementor-invisible elementor-widget elementor-widget-heading\" data-id=\"1691e439\" data-element_type=\"widget\" data-e-type=\"widget\" data-settings=\"{&quot;_animation&quot;:&quot;fadeInUp&quot;}\" data-widget_type=\"heading.default\">\n\t\t\t\t<div class=\"elementor-widget-container\">\n\t\t\t\t\t<h2 class=\"elementor-heading-title elementor-size-default\">Contact us<\/h2>\t\t\t\t<\/div>\n\t\t\t\t<\/div>\n\t\t\t\t\t<\/div>\n\t\t<\/div>\n\t\t\t\t\t<\/div>\n\t\t<\/section>\n\t\t\t\t<section class=\"elementor-section elementor-top-section elementor-element elementor-element-17daf24 elementor-section-boxed elementor-section-height-default elementor-section-height-default\" data-id=\"17daf24\" data-element_type=\"section\" data-e-type=\"section\">\n\t\t\t\t\t\t<div class=\"elementor-container elementor-column-gap-default\">\n\t\t\t\t\t<div class=\"elementor-column elementor-col-100 elementor-top-column elementor-element elementor-element-d28981d\" data-id=\"d28981d\" data-element_type=\"column\" data-e-type=\"column\" data-settings=\"{&quot;background_background&quot;:&quot;classic&quot;}\">\n\t\t\t<div class=\"elementor-widget-wrap elementor-element-populated\">\n\t\t\t\t\t\t<div class=\"elementor-element elementor-element-c6ad9f6 elementor-widget elementor-widget-heading\" data-id=\"c6ad9f6\" data-element_type=\"widget\" data-e-type=\"widget\" data-widget_type=\"heading.default\">\n\t\t\t\t<div class=\"elementor-widget-container\">\n\t\t\t\t\t<h2 class=\"elementor-heading-title elementor-size-default\">Our locations in Germany<\/h2>\t\t\t\t<\/div>\n\t\t\t\t<\/div>\n\t\t\t\t\t<\/div>\n\t\t<\/div>\n\t\t\t\t\t<\/div>\n\t\t<\/section>\n\t\t\t\t<section class=\"elementor-section elementor-top-section elementor-element elementor-element-7c0c6d1d elementor-section-boxed elementor-section-height-default elementor-section-height-default\" data-id=\"7c0c6d1d\" data-element_type=\"section\" data-e-type=\"section\">\n\t\t\t\t\t\t<div class=\"elementor-container elementor-column-gap-default\">\n\t\t\t\t\t<div class=\"elementor-column elementor-col-33 elementor-top-column elementor-element elementor-element-76979068\" data-id=\"76979068\" data-element_type=\"column\" data-e-type=\"column\">\n\t\t\t<div class=\"elementor-widget-wrap elementor-element-populated\">\n\t\t\t\t\t\t<div class=\"elementor-element elementor-element-7807886 elementor-widget elementor-widget-text-editor\" data-id=\"7807886\" data-element_type=\"widget\" data-e-type=\"widget\" data-widget_type=\"text-editor.default\">\n\t\t\t\t<div class=\"elementor-widget-container\">\n\t\t\t\t\t\t\t\t\t<p><strong>SaarLB<br \/>Landesbank Saar<\/strong><\/p>\n<p>Ursulinenstra\u00dfe 2<br \/>66111 Saarbr\u00fccken<\/p>\n<p>Postfachadresse: 66104 Saarbr\u00fccken<\/p>\n<p>Fon: <a href=\"tel:004968138301\">+49 681 383-01<\/a><br \/>Fax: <a href=\"fax:00496813831200\">+49 681 383-1200<\/a><br \/>E-Mail: <a href=\"mailto:info@slbtest.saarlb.com\">info@slbtest.saarlb.com<\/a><\/p>\n<p>Bankleitzahl: 590 500 00<br \/>BIC\/SWIFT-Code: SALADE55xxx<\/p>\n\t\t\t\t\t\t\t\t<\/div>\n\t\t\t\t<\/div>\n\t\t\t\t\t<\/div>\n\t\t<\/div>\n\t\t\t\t<div class=\"elementor-column elementor-col-33 elementor-top-column elementor-element elementor-element-1cae172\" data-id=\"1cae172\" data-element_type=\"column\" data-e-type=\"column\" data-settings=\"{&quot;background_background&quot;:&quot;classic&quot;}\">\n\t\t\t<div class=\"elementor-widget-wrap elementor-element-populated\">\n\t\t\t\t\t\t<div class=\"elementor-element elementor-element-0d3134d elementor-widget elementor-widget-text-editor\" data-id=\"0d3134d\" data-element_type=\"widget\" data-e-type=\"widget\" data-widget_type=\"text-editor.default\">\n\t\t\t\t<div class=\"elementor-widget-container\">\n\t\t\t\t\t\t\t\t\t<p><strong>LBS<\/strong><br \/>\n<strong>Landesbausparkasse Saar<\/strong><\/p>\n<p>Beethovenstra\u00dfe 35-39<br \/>\n66111 Saarbr\u00fccken<\/p>\n<p>PO box: Postfach 10 19 62<br \/>\n66019 Saarbr\u00fccken<\/p>\n<p>Phone: +49 681 383-02<br \/>\nTelefax: <a href=\"fax:00496813832100\">+49 681 383-2100<\/a><br \/>\nE-Mail: <a href=\"mailto:service@lbs-saar.de\">service@lbs-saar.de<\/a><br \/>\n<a href=\"https:\/\/www.lbs.de\" rel=\"nofollow noopener\" target=\"_blank\">www.lbs.de<\/a><\/p>\n\t\t\t\t\t\t\t\t<\/div>\n\t\t\t\t<\/div>\n\t\t\t\t\t<\/div>\n\t\t<\/div>\n\t\t\t\t<div class=\"elementor-column elementor-col-33 elementor-top-column elementor-element elementor-element-e43397a\" data-id=\"e43397a\" data-element_type=\"column\" data-e-type=\"column\">\n\t\t\t<div class=\"elementor-widget-wrap elementor-element-populated\">\n\t\t\t\t\t\t<div class=\"elementor-element elementor-element-e6b72d9 elementor-widget elementor-widget-text-editor\" data-id=\"e6b72d9\" data-element_type=\"widget\" data-e-type=\"widget\" data-widget_type=\"text-editor.default\">\n\t\t\t\t<div class=\"elementor-widget-container\">\n\t\t\t\t\t\t\t\t\t<p><b>P\u00f4le Franco-Allemand<\/b><\/p>\n<p>Ursulinenstra\u00dfe 2<br \/>\n66111 Saarbr\u00fccken<\/p>\n<p><a class=\"ext_links\" href=\"tel:+49 681 383 2500\" rel=\"noopener noreferrer\" data-wpel-link=\"internal\">+49 681 383 2500<\/a><br \/>\n<a href=\"mailto:hess@pole-franco-allemand.de\">hess@pole-franco-allemand.de<\/a><br \/>\n<a href=\"http:\/\/www.pole-franco-allemand.de\/\" target=\"_blank\" rel=\"nofollow noopener\" data-wpel-link=\"internal\">www.pole-franco-allemand.de<\/a><\/p>\n\t\t\t\t\t\t\t\t<\/div>\n\t\t\t\t<\/div>\n\t\t\t\t\t<\/div>\n\t\t<\/div>\n\t\t\t\t\t<\/div>\n\t\t<\/section>\n\t\t\t\t<section class=\"elementor-section elementor-top-section elementor-element elementor-element-df2c8eb elementor-section-boxed elementor-section-height-default elementor-section-height-default\" data-id=\"df2c8eb\" data-element_type=\"section\" data-e-type=\"section\">\n\t\t\t\t\t\t<div class=\"elementor-container elementor-column-gap-default\">\n\t\t\t\t\t<div class=\"elementor-column elementor-col-33 elementor-top-column elementor-element elementor-element-bf6309c\" data-id=\"bf6309c\" data-element_type=\"column\" data-e-type=\"column\">\n\t\t\t<div class=\"elementor-widget-wrap elementor-element-populated\">\n\t\t\t\t\t\t<div class=\"elementor-element elementor-element-c1a0c94 elementor-widget elementor-widget-text-editor\" data-id=\"c1a0c94\" data-element_type=\"widget\" data-e-type=\"widget\" data-widget_type=\"text-editor.default\">\n\t\t\t\t<div class=\"elementor-widget-container\">\n\t\t\t\t\t\t\t\t\t<p><strong>Landesbank Saar<br \/><\/strong><strong>Vertriebsb\u00fcro Mannheim<\/strong><\/p>\n<p>Reichskanzler-M\u00fcller-Stra\u00dfe 21<br \/>68165 Mannheim<\/p>\n<p>Fon: <a href=\"tel:00496813831961\">+49 681 383-1961<\/a><br \/>E-Mail: <a href=\"mailto:info@slbtest.saarlb.com\">info@slbtest.saarlb.com<\/a><\/p>\n\t\t\t\t\t\t\t\t<\/div>\n\t\t\t\t<\/div>\n\t\t\t\t\t<\/div>\n\t\t<\/div>\n\t\t\t\t<div class=\"elementor-column elementor-col-33 elementor-top-column elementor-element elementor-element-e4bbe58\" data-id=\"e4bbe58\" data-element_type=\"column\" data-e-type=\"column\">\n\t\t\t<div class=\"elementor-widget-wrap elementor-element-populated\">\n\t\t\t\t\t\t<div class=\"elementor-element elementor-element-fcd503e elementor-widget elementor-widget-text-editor\" data-id=\"fcd503e\" data-element_type=\"widget\" data-e-type=\"widget\" data-widget_type=\"text-editor.default\">\n\t\t\t\t<div class=\"elementor-widget-container\">\n\t\t\t\t\t\t\t\t\t<p><strong>Landesbank Saar<br \/><\/strong><strong>Vertriebsb\u00fcro Koblenz<\/strong><\/p>\n<p>Peter-Kl\u00f6ckner-Stra\u00dfe 5<br \/>56073 Koblenz<\/p>\n<p>Fon: <a href=\"tel:004926195218461\">+49 261 952 184 61<\/a><br \/>E-Mail: <a href=\"mailto:info@slbtest.saarlb.com\">info@slbtest.saarlb.com<\/a><\/p>\n\t\t\t\t\t\t\t\t<\/div>\n\t\t\t\t<\/div>\n\t\t\t\t\t<\/div>\n\t\t<\/div>\n\t\t\t\t<div class=\"elementor-column elementor-col-33 elementor-top-column elementor-element elementor-element-5f2c598\" data-id=\"5f2c598\" data-element_type=\"column\" data-e-type=\"column\">\n\t\t\t<div class=\"elementor-widget-wrap\">\n\t\t\t\t\t\t\t<\/div>\n\t\t<\/div>\n\t\t\t\t\t<\/div>\n\t\t<\/section>\n\t\t\t\t<section class=\"elementor-section elementor-top-section elementor-element elementor-element-810578a elementor-section-boxed elementor-section-height-default elementor-section-height-default\" data-id=\"810578a\" data-element_type=\"section\" data-e-type=\"section\">\n\t\t\t\t\t\t<div class=\"elementor-container elementor-column-gap-default\">\n\t\t\t\t\t<div class=\"elementor-column elementor-col-100 elementor-top-column elementor-element elementor-element-0b1031f\" data-id=\"0b1031f\" data-element_type=\"column\" data-e-type=\"column\" data-settings=\"{&quot;background_background&quot;:&quot;classic&quot;}\">\n\t\t\t<div class=\"elementor-widget-wrap elementor-element-populated\">\n\t\t\t\t\t\t<div class=\"elementor-element elementor-element-473d659 elementor-widget elementor-widget-heading\" data-id=\"473d659\" data-element_type=\"widget\" data-e-type=\"widget\" data-widget_type=\"heading.default\">\n\t\t\t\t<div class=\"elementor-widget-container\">\n\t\t\t\t\t<h2 class=\"elementor-heading-title elementor-size-default\">Our locations in France<\/h2>\t\t\t\t<\/div>\n\t\t\t\t<\/div>\n\t\t\t\t\t<\/div>\n\t\t<\/div>\n\t\t\t\t\t<\/div>\n\t\t<\/section>\n\t\t\t\t<section class=\"elementor-section elementor-top-section elementor-element elementor-element-5e1859a elementor-section-boxed elementor-section-height-default elementor-section-height-default\" data-id=\"5e1859a\" data-element_type=\"section\" data-e-type=\"section\">\n\t\t\t\t\t\t<div class=\"elementor-container elementor-column-gap-default\">\n\t\t\t\t\t<div class=\"elementor-column elementor-col-33 elementor-top-column elementor-element elementor-element-5d01bd7\" data-id=\"5d01bd7\" data-element_type=\"column\" data-e-type=\"column\">\n\t\t\t<div class=\"elementor-widget-wrap elementor-element-populated\">\n\t\t\t\t\t\t<div class=\"elementor-element elementor-element-1c71523 elementor-widget elementor-widget-text-editor\" data-id=\"1c71523\" data-element_type=\"widget\" data-e-type=\"widget\" data-widget_type=\"text-editor.default\">\n\t\t\t\t<div class=\"elementor-widget-container\">\n\t\t\t\t\t\t\t\t\t<p><strong>La Banque Franco-Allemande<br \/>Succursale de la Landesbank Saar<\/strong><\/p>\n<p>R\u00e9sidence Le Premium<br \/>17-19, rue du Foss\u00e9 des Treize<br \/><span class=\"Georgia\">67000 Strasbourg C\u00e9dex<br \/>Frankreich<\/span><\/p>\n<p><span class=\"Georgia\">Fon: <a href=\"tel:0033388375870\">+33 3 88 3758-70\u00a0<\/a><br \/>Fax: <a href=\"fax:0033388369378\">+33 3 88 3693-78<\/a><br \/><\/span>E-Mail: <a href=\"mailto:info@saarlb.fr\">info@banque-franco-allemande.fr<\/a><\/p>\n\t\t\t\t\t\t\t\t<\/div>\n\t\t\t\t<\/div>\n\t\t\t\t\t<\/div>\n\t\t<\/div>\n\t\t\t\t<div class=\"elementor-column elementor-col-33 elementor-top-column elementor-element elementor-element-85a6068\" data-id=\"85a6068\" data-element_type=\"column\" data-e-type=\"column\">\n\t\t\t<div class=\"elementor-widget-wrap elementor-element-populated\">\n\t\t\t\t\t\t<div class=\"elementor-element elementor-element-125a31e elementor-widget elementor-widget-text-editor\" data-id=\"125a31e\" data-element_type=\"widget\" data-e-type=\"widget\" data-widget_type=\"text-editor.default\">\n\t\t\t\t<div class=\"elementor-widget-container\">\n\t\t\t\t\t\t\t\t\t<p><strong>La Banque Franco-Allemande<br \/>Centre d&#8217;affaires<\/strong><\/p>\n<p>203, rue du Faubourg Saint Honor\u00e9<br \/>75008 Paris<br \/>Frankreich<\/p>\n<p>Fon: <a href=\"tel:0033145636352\">+33 1 45 6363-52<\/a><br \/>Fax: <a href=\"fax:0033145637122\">+33 1 45 6371-22<\/a><br \/>E-Mail: <a href=\"mailto:info@saarlb.fr\">info@banque-franco-allemande.fr<\/a><\/p>\n\t\t\t\t\t\t\t\t<\/div>\n\t\t\t\t<\/div>\n\t\t\t\t\t<\/div>\n\t\t<\/div>\n\t\t\t\t<div class=\"elementor-column elementor-col-33 elementor-top-column elementor-element elementor-element-fe11cd7\" data-id=\"fe11cd7\" data-element_type=\"column\" data-e-type=\"column\" data-settings=\"{&quot;background_background&quot;:&quot;classic&quot;}\">\n\t\t\t<div class=\"elementor-widget-wrap elementor-element-populated\">\n\t\t\t\t\t\t<div class=\"elementor-element elementor-element-a8ba4b1 elementor-widget elementor-widget-text-editor\" data-id=\"a8ba4b1\" data-element_type=\"widget\" data-e-type=\"widget\" data-widget_type=\"text-editor.default\">\n\t\t\t\t<div class=\"elementor-widget-container\">\n\t\t\t\t\t\t\t\t\t<p><span style=\"font-weight: bolder; color: #020101; font-family: var( --e-global-typography-text-font-family ), Sans-serif; font-size: 1rem;\">La Banque Franco-Allemande<br \/>\n<\/span><span style=\"font-weight: bolder;\">Centre d\u2019affaires<\/span><span style=\"font-weight: bolder;\"><br \/>\n<\/span><\/p>\n<p style=\"color: #020101;\">2, rue Grol\u00e9e<br \/>\n69002 Lyon<\/p>\n<p style=\"color: #020101;\"><span class=\"Georgia\">Fon:\u00a0<a href=\"tel:0033388375870\" data-wpel-link=\"internal\">+33 3 88 3758-70\u00a0<\/a><br \/>\nFax:\u00a0<a href=\"fax:0033388369378\" target=\"_blank\" rel=\"nofollow noopener\" data-wpel-link=\"internal\">+33 3 88 3693-78<\/a><br \/>\n<\/span>E-Mail:\u00a0<a href=\"mailto:info@saarlb.fr\">info@banque-franco-allemande.fr<\/a><\/p>\n\t\t\t\t\t\t\t\t<\/div>\n\t\t\t\t<\/div>\n\t\t\t\t\t<\/div>\n\t\t<\/div>\n\t\t\t\t\t<\/div>\n\t\t<\/section>\n\t\t\t\t<section class=\"elementor-section elementor-top-section elementor-element elementor-element-cfa4d09 elementor-section-boxed elementor-section-height-default elementor-section-height-default\" data-id=\"cfa4d09\" data-element_type=\"section\" data-e-type=\"section\">\n\t\t\t\t\t\t<div class=\"elementor-container elementor-column-gap-default\">\n\t\t\t\t\t<div class=\"elementor-column elementor-col-25 elementor-top-column elementor-element elementor-element-a2202e8\" data-id=\"a2202e8\" data-element_type=\"column\" data-e-type=\"column\">\n\t\t\t<div class=\"elementor-widget-wrap elementor-element-populated\">\n\t\t\t\t\t\t<div class=\"elementor-element elementor-element-992509d elementor-widget elementor-widget-text-editor\" data-id=\"992509d\" data-element_type=\"widget\" data-e-type=\"widget\" data-widget_type=\"text-editor.default\">\n\t\t\t\t<div class=\"elementor-widget-container\">\n\t\t\t\t\t\t\t\t\t<p><b>P\u00f4le Franco-Allemand<\/b><\/p>\n<p>203, rue du Faubourg Saint-Honor\u00e9<br \/>\n75008 Paris<\/p>\n<p><a class=\"ext_links\" href=\"tel:+33 1 45 63 63 60\" rel=\"noopener noreferrer\" data-wpel-link=\"internal\">+33 1 45 63 63 60<\/a><br \/>\n<a href=\"mailto:hess@pole-franco-allemand.fr\">hess@pole-franco-allemand.fr<\/a><br \/>\n<a class=\"wpel-icon-left\" href=\"http:\/\/www.pole-franco-allemand.fr\/\" target=\"_blank\" rel=\"nofollow noopener\" data-wpel-link=\"external\">www.pole-franco-allemand.fr<\/a><\/p>\n\t\t\t\t\t\t\t\t<\/div>\n\t\t\t\t<\/div>\n\t\t\t\t\t<\/div>\n\t\t<\/div>\n\t\t\t\t<div class=\"elementor-column elementor-col-25 elementor-top-column elementor-element elementor-element-d9ba798\" data-id=\"d9ba798\" data-element_type=\"column\" data-e-type=\"column\">\n\t\t\t<div class=\"elementor-widget-wrap\">\n\t\t\t\t\t\t\t<\/div>\n\t\t<\/div>\n\t\t\t\t<div class=\"elementor-column elementor-col-25 elementor-top-column elementor-element elementor-element-34bb864\" data-id=\"34bb864\" data-element_type=\"column\" data-e-type=\"column\" data-settings=\"{&quot;background_background&quot;:&quot;classic&quot;}\">\n\t\t\t<div class=\"elementor-widget-wrap\">\n\t\t\t\t\t\t\t<\/div>\n\t\t<\/div>\n\t\t\t\t<div class=\"elementor-column elementor-col-25 elementor-top-column elementor-element elementor-element-bceff61\" data-id=\"bceff61\" data-element_type=\"column\" data-e-type=\"column\">\n\t\t\t<div class=\"elementor-widget-wrap\">\n\t\t\t\t\t\t\t<\/div>\n\t\t<\/div>\n\t\t\t\t\t<\/div>\n\t\t<\/section>\n\t\t\t\t<section class=\"elementor-section elementor-top-section elementor-element elementor-element-83c9057 elementor-section-boxed elementor-section-height-default elementor-section-height-default elementor-invisible\" data-id=\"83c9057\" data-element_type=\"section\" data-e-type=\"section\" data-settings=\"{&quot;animation&quot;:&quot;fadeInUp&quot;}\">\n\t\t\t\t\t\t<div class=\"elementor-container elementor-column-gap-default\">\n\t\t\t\t\t<div class=\"elementor-column elementor-col-100 elementor-top-column elementor-element elementor-element-f58253a\" data-id=\"f58253a\" data-element_type=\"column\" data-e-type=\"column\">\n\t\t\t<div class=\"elementor-widget-wrap elementor-element-populated\">\n\t\t\t\t\t\t<div class=\"elementor-element elementor-element-1e5e29b9 elementor-widget elementor-widget-image\" data-id=\"1e5e29b9\" data-element_type=\"widget\" data-e-type=\"widget\" data-widget_type=\"image.default\">\n\t\t\t\t<div class=\"elementor-widget-container\">\n\t\t\t\t\t\t\t\t\t\t\t\t\t\t\t<img decoding=\"async\" src=\"https:\/\/slbtest.saarlb.com\/wp-content\/uploads\/2020\/09\/weitsicht_durch_naehe_titling.jpg\" title=\"\" alt=\"\" loading=\"lazy\" \/>\t\t\t\t\t\t\t\t\t\t\t\t\t\t\t<\/div>\n\t\t\t\t<\/div>\n\t\t\t\t\t<\/div>\n\t\t<\/div>\n\t\t\t\t\t<\/div>\n\t\t<\/section>\n\t\t\t\t<\/div>\n\t\t","protected":false},"excerpt":{"rendered":"<p>Contact us Our locations in Germany SaarLBLandesbank Saar Ursulinenstra\u00dfe 266111 Saarbr\u00fccken Postfachadresse: 66104 Saarbr\u00fccken Fon: +49 681 383-01Fax: +49 681 383-1200E-Mail: info@slbtest.saarlb.com Bankleitzahl: 590 500 00BIC\/SWIFT-Code: SALADE55xxx LBS Landesbausparkasse Saar Beethovenstra\u00dfe 35-39 66111 Saarbr\u00fccken PO box: Postfach 10 19 62 66019 Saarbr\u00fccken Phone: +49 681 383-02 Telefax: +49 681 383-2100 E-Mail: service@lbs-saar.de www.lbs.de P\u00f4le Franco-Allemand [&hellip;]<\/p>\n","protected":false},"author":2,"featured_media":0,"parent":13359,"menu_order":0,"comment_status":"closed","ping_status":"closed","template":"","meta":{"_acf_changed":false,"footnotes":"","_links_to":"","_links_to_target":""},"class_list":["post-13134","page","type-page","status-publish","hentry"],"acf":[],"_links":{"self":[{"href":"https:\/\/slbtest.saarlb.com\/en\/wp-json\/wp\/v2\/pages\/13134","targetHints":{"allow":["GET"]}}],"collection":[{"href":"https:\/\/slbtest.saarlb.com\/en\/wp-json\/wp\/v2\/pages"}],"about":[{"href":"https:\/\/slbtest.saarlb.com\/en\/wp-json\/wp\/v2\/types\/page"}],"author":[{"embeddable":true,"href":"https:\/\/slbtest.saarlb.com\/en\/wp-json\/wp\/v2\/users\/2"}],"replies":[{"embeddable":true,"href":"https:\/\/slbtest.saarlb.com\/en\/wp-json\/wp\/v2\/comments?post=13134"}],"version-history":[{"count":0,"href":"https:\/\/slbtest.saarlb.com\/en\/wp-json\/wp\/v2\/pages\/13134\/revisions"}],"up":[{"embeddable":true,"href":"https:\/\/slbtest.saarlb.com\/en\/wp-json\/wp\/v2\/pages\/13359"}],"wp:attachment":[{"href":"https:\/\/slbtest.saarlb.com\/en\/wp-json\/wp\/v2\/media?parent=13134"}],"curies":[{"name":"wp","href":"https:\/\/api.w.org\/{rel}","templated":true}]}}